{"id":2682,"date":"2024-03-18T19:22:20","date_gmt":"2024-03-18T19:22:20","guid":{"rendered":"http:\/\/www.transhumans.com.ar\/?post_type=product&#038;p=2682"},"modified":"2024-06-05T12:53:31","modified_gmt":"2024-06-05T12:53:31","slug":"salta-clasico-7-dias","status":"publish","type":"product","link":"https:\/\/www.transhumans.com.ar\/it\/prodotto\/salta-clasico-7-dias\/","title":{"rendered":"ARGENTINA: Salta classica \u2013 7 giorni"},"content":{"rendered":"<p>Descubre la majestuosidad del noroeste argentino en un viaje de 7 d\u00edas por la regi\u00f3n de Salta. Desde los vi\u00f1edos de Cafayate hasta las antiguas ruinas de Tilcara y Humahuaca, cada d\u00eda promete una aventura \u00fanica. Contempla los vibrantes colores del Cerro de los Siete Colores en Purmamarca, explora la imponente belleza del Hornocal y marav\u00edllate con la vastedad de las Salinas Grandes. Este itinerario te llevar\u00e1 a trav\u00e9s de los sitios m\u00e1s emblem\u00e1ticos y pintorescos de esta regi\u00f3n tur\u00edstica, dejando recuerdos inolvidables a cada paso.<\/p>\n<p>&nbsp;<\/p>\n<p>&nbsp;<\/p>","protected":false},"excerpt":{"rendered":"<p>Experimenta una semana inolvidable descubriendo los destinos m\u00e1s emblem\u00e1ticos del Noroeste Argentino. Disfruta de momentos \u00fanicos de interacci\u00f3n con la comunidad local y accede a sitios exclusivos que te permitir\u00e1n sumergirte en la aut\u00e9ntica esencia de la regi\u00f3n.<\/p>","protected":false},"featured_media":2723,"comment_status":"closed","ping_status":"closed","template":"","meta":{"_acf_changed":false,"om_disable_all_campaigns":false,"_monsterinsights_skip_tracking":false,"_monsterinsights_sitenote_active":false,"_monsterinsights_sitenote_note":"","_monsterinsights_sitenote_category":0,"_uf_show_specific_survey":0,"_uf_disable_surveys":false,"site-sidebar-layout":"default","site-content-layout":"default","ast-global-header-display":"","ast-main-header-display":"","ast-hfb-above-header-display":"","ast-hfb-below-header-display":"","ast-hfb-mobile-header-display":"","site-post-title":"","ast-breadcrumbs-content":"","ast-featured-img":"","footer-sml-layout":"","theme-transparent-header-meta":"default","adv-header-id-meta":"","stick-header-meta":"default","header-above-stick-meta":"","header-main-stick-meta":"","header-below-stick-meta":""},"product_brand":[],"product_cat":[60,73,15],"product_tag":[],"class_list":{"0":"post-2682","1":"product","2":"type-product","3":"status-publish","4":"has-post-thumbnail","6":"product_cat-argentina","7":"product_cat-nord-ouest-argentin","8":"product_cat-todo","9":"desktop-align-center","10":"tablet-align-left","11":"mobile-align-left","12":"ast-product-gallery-layout-vertical-slider","13":"ast-magnify-disabled","14":"ast-product-tabs-layout-horizontal","16":"first","17":"instock","18":"virtual","19":"sold-individually","20":"purchasable","21":"product-type-simple"},"acf":[],"aioseo_notices":[],"_links":{"self":[{"href":"https:\/\/www.transhumans.com.ar\/it\/wp-json\/wp\/v2\/product\/2682","targetHints":{"allow":["GET"]}}],"collection":[{"href":"https:\/\/www.transhumans.com.ar\/it\/wp-json\/wp\/v2\/product"}],"about":[{"href":"https:\/\/www.transhumans.com.ar\/it\/wp-json\/wp\/v2\/types\/product"}],"replies":[{"embeddable":true,"href":"https:\/\/www.transhumans.com.ar\/it\/wp-json\/wp\/v2\/comments?post=2682"}],"wp:featuredmedia":[{"embeddable":true,"href":"https:\/\/www.transhumans.com.ar\/it\/wp-json\/wp\/v2\/media\/2723"}],"wp:attachment":[{"href":"https:\/\/www.transhumans.com.ar\/it\/wp-json\/wp\/v2\/media?parent=2682"}],"wp:term":[{"taxonomy":"product_brand","embeddable":true,"href":"https:\/\/www.transhumans.com.ar\/it\/wp-json\/wp\/v2\/product_brand?post=2682"},{"taxonomy":"product_cat","embeddable":true,"href":"https:\/\/www.transhumans.com.ar\/it\/wp-json\/wp\/v2\/product_cat?post=2682"},{"taxonomy":"product_tag","embeddable":true,"href":"https:\/\/www.transhumans.com.ar\/it\/wp-json\/wp\/v2\/product_tag?post=2682"}],"curies":[{"name":"wp","href":"https:\/\/api.w.org\/{rel}","templated":true}]}}