{"id":2697,"date":"2024-05-27T18:42:34","date_gmt":"2024-05-27T18:42:34","guid":{"rendered":"https:\/\/www.transhumans.com.ar\/?post_type=product&#038;p=2697"},"modified":"2024-07-15T09:59:20","modified_gmt":"2024-07-15T09:59:20","slug":"isla-de-chiloe-4-dias","status":"publish","type":"product","link":"https:\/\/www.transhumans.com.ar\/fr\/produit\/isla-de-chiloe-4-dias\/","title":{"rendered":"CHILI: \u00cele de Chilo\u00e9 - 4 jours"},"content":{"rendered":"<p>Embarquez pour un voyage \u00e0 travers l'\u00eele de Chilo\u00e9 en explorant ses fjords et ses baies naturelles dispers\u00e9es dans l'archipel. Savourez sa d\u00e9licieuse gastronomie et d\u00e9couvrez ses \u00e9glises en bois, d\u00e9clar\u00e9es Patrimoine mondial de l'UNESCO. impr\u00e9gnez-vous de la culture de l'\u00eele et d\u00e9couvrez ses fantastiques paysages.<\/p>","protected":false},"excerpt":{"rendered":"<p>Embarquez pour un voyage \u00e0 travers l'\u00eele de Chilo\u00e9 en explorant ses fjords et ses baies naturelles dispers\u00e9es dans l'archipel. Savourez sa d\u00e9licieuse gastronomie et d\u00e9couvrez ses \u00e9glises en bois, d\u00e9clar\u00e9es Patrimoine mondial de l'UNESCO. impr\u00e9gnez-vous de la culture de l'\u00eele et d\u00e9couvrez ses fantastiques paysages.<\/p>","protected":false},"featured_media":2714,"comment_status":"closed","ping_status":"closed","template":"","meta":{"_acf_changed":false,"om_disable_all_campaigns":false,"_monsterinsights_skip_tracking":false,"_monsterinsights_sitenote_active":false,"_monsterinsights_sitenote_note":"","_monsterinsights_sitenote_category":0,"_uf_show_specific_survey":0,"_uf_disable_surveys":false,"site-sidebar-layout":"default","site-content-layout":"default","ast-global-header-display":"","ast-main-header-display":"","ast-hfb-above-header-display":"","ast-hfb-below-header-display":"","ast-hfb-mobile-header-display":"","site-post-title":"","ast-breadcrumbs-content":"","ast-featured-img":"","footer-sml-layout":"","theme-transparent-header-meta":"default","adv-header-id-meta":"","stick-header-meta":"default","header-above-stick-meta":"","header-main-stick-meta":"","header-below-stick-meta":""},"product_brand":[],"product_cat":[61,72,15],"product_tag":[],"class_list":{"0":"post-2697","1":"product","2":"type-product","3":"status-publish","4":"has-post-thumbnail","6":"product_cat-chile","7":"product_cat-sur-de-chile","8":"product_cat-todo","9":"desktop-align-center","10":"tablet-align-left","11":"mobile-align-left","12":"ast-product-gallery-layout-vertical-slider","13":"ast-magnify-disabled","14":"ast-product-tabs-layout-horizontal","16":"first","17":"instock","18":"shipping-taxable","19":"purchasable","20":"product-type-simple"},"acf":[],"aioseo_notices":[],"_links":{"self":[{"href":"https:\/\/www.transhumans.com.ar\/fr\/wp-json\/wp\/v2\/product\/2697","targetHints":{"allow":["GET"]}}],"collection":[{"href":"https:\/\/www.transhumans.com.ar\/fr\/wp-json\/wp\/v2\/product"}],"about":[{"href":"https:\/\/www.transhumans.com.ar\/fr\/wp-json\/wp\/v2\/types\/product"}],"replies":[{"embeddable":true,"href":"https:\/\/www.transhumans.com.ar\/fr\/wp-json\/wp\/v2\/comments?post=2697"}],"wp:featuredmedia":[{"embeddable":true,"href":"https:\/\/www.transhumans.com.ar\/fr\/wp-json\/wp\/v2\/media\/2714"}],"wp:attachment":[{"href":"https:\/\/www.transhumans.com.ar\/fr\/wp-json\/wp\/v2\/media?parent=2697"}],"wp:term":[{"taxonomy":"product_brand","embeddable":true,"href":"https:\/\/www.transhumans.com.ar\/fr\/wp-json\/wp\/v2\/product_brand?post=2697"},{"taxonomy":"product_cat","embeddable":true,"href":"https:\/\/www.transhumans.com.ar\/fr\/wp-json\/wp\/v2\/product_cat?post=2697"},{"taxonomy":"product_tag","embeddable":true,"href":"https:\/\/www.transhumans.com.ar\/fr\/wp-json\/wp\/v2\/product_tag?post=2697"}],"curies":[{"name":"wp","href":"https:\/\/api.w.org\/{rel}","templated":true}]}}