{"id":561,"date":"2021-02-04T01:47:09","date_gmt":"2021-02-04T01:47:09","guid":{"rendered":"http:\/\/www.transhumans.com.ar\/about\/"},"modified":"2024-09-24T22:25:54","modified_gmt":"2024-09-24T22:25:54","slug":"about","status":"publish","type":"page","link":"https:\/\/www.transhumans.com.ar\/fr\/about\/","title":{"rendered":"Qui sommes-nous?"},"content":{"rendered":"<div data-elementor-type=\"wp-page\" data-elementor-id=\"561\" class=\"elementor elementor-561\">\n\t\t\t\t\t\t<section class=\"elementor-section elementor-top-section elementor-element elementor-element-27580d9c elementor-section-content-middle elementor-section-height-min-height elementor-section-boxed elementor-section-height-default elementor-section-items-middle\" data-id=\"27580d9c\" data-element_type=\"section\" data-e-type=\"section\" data-settings=\"{&quot;background_background&quot;:&quot;classic&quot;,&quot;shape_divider_bottom&quot;:&quot;opacity-fan&quot;}\">\n\t\t\t\t\t\t\t<div class=\"elementor-background-overlay\"><\/div>\n\t\t\t\t\t\t<div class=\"elementor-shape elementor-shape-bottom\" aria-hidden=\"true\" data-negative=\"false\">\n\t\t\t<svg xmlns=\"http:\/\/www.w3.org\/2000\/svg\" viewbox=\"0 0 283.5 19.6\" preserveaspectratio=\"none\">\n\t<path class=\"elementor-shape-fill\" style=\"opacity:0.33\" d=\"M0 0L0 18.8 141.8 4.1 283.5 18.8 283.5 0z\"\/>\n\t<path class=\"elementor-shape-fill\" style=\"opacity:0.33\" d=\"M0 0L0 12.6 141.8 4 283.5 12.6 283.5 0z\"\/>\n\t<path class=\"elementor-shape-fill\" style=\"opacity:0.33\" d=\"M0 0L0 6.4 141.8 4 283.5 6.4 283.5 0z\"\/>\n\t<path class=\"elementor-shape-fill\" d=\"M0 0L0 1.2 141.8 4 283.5 1.2 283.5 0z\"\/>\n<\/svg>\t\t<\/div>\n\t\t\t\t\t<div class=\"elementor-container elementor-column-gap-no\">\n\t\t\t\t\t<div class=\"elementor-column elementor-col-100 elementor-top-column elementor-element elementor-element-35fb2459\" data-id=\"35fb2459\" data-element_type=\"column\" data-e-type=\"column\">\n\t\t\t<div class=\"elementor-widget-wrap elementor-element-populated\">\n\t\t\t\t\t\t<div class=\"elementor-element elementor-element-dceecfe elementor-widget elementor-widget-heading\" data-id=\"dceecfe\" data-element_type=\"widget\" data-e-type=\"widget\" data-widget_type=\"heading.default\">\n\t\t\t\t<div class=\"elementor-widget-container\">\n\t\t\t\t\t<h1 class=\"elementor-heading-title elementor-size-default\">TRANSHUMANS<\/h1>\t\t\t\t<\/div>\n\t\t\t\t<\/div>\n\t\t\t\t<div class=\"elementor-element elementor-element-c41ac03 elementor-widget elementor-widget-heading\" data-id=\"c41ac03\" data-element_type=\"widget\" data-e-type=\"widget\" data-widget_type=\"heading.default\">\n\t\t\t\t<div class=\"elementor-widget-container\">\n\t\t\t\t\t<h2 class=\"elementor-heading-title elementor-size-large\">Une agence locale responsable et engag\u00e9e<\/h2>\t\t\t\t<\/div>\n\t\t\t\t<\/div>\n\t\t\t\t\t<\/div>\n\t\t<\/div>\n\t\t\t\t\t<\/div>\n\t\t<\/section>\n\t\t\t\t<section class=\"elementor-section elementor-top-section elementor-element elementor-element-1af8da02 elementor-section-content-top elementor-section-boxed elementor-section-height-default elementor-section-height-default\" data-id=\"1af8da02\" data-element_type=\"section\" data-e-type=\"section\" data-settings=\"{&quot;background_background&quot;:&quot;classic&quot;}\">\n\t\t\t\t\t\t\t<div class=\"elementor-background-overlay\"><\/div>\n\t\t\t\t\t\t\t<div class=\"elementor-container elementor-column-gap-no\">\n\t\t\t\t\t<div class=\"elementor-column elementor-col-100 elementor-top-column elementor-element elementor-element-6999946a\" data-id=\"6999946a\" data-element_type=\"column\" data-e-type=\"column\">\n\t\t\t<div class=\"elementor-widget-wrap elementor-element-populated\">\n\t\t\t\t\t\t<div class=\"elementor-element elementor-element-1ce47a53 elementor-widget__width-initial elementor-widget elementor-widget-text-editor\" data-id=\"1ce47a53\" data-element_type=\"widget\" data-e-type=\"widget\" data-widget_type=\"text-editor.default\">\n\t\t\t\t<div class=\"elementor-widget-container\">\n\t\t\t\t\t\t\t\t\t<p>Transhumans est une <strong>agence de voyage locale  et responsable<\/strong> qui offre une exp\u00e9rience personnalis\u00e9e,<strong> mettant en lien les voyageurs avec les cultures et traditions locales<\/strong>. Engag\u00e9s en faveur du d\u00e9veloppement durable, nous limitons notre impact environnemental et concevons des voyages qui pr\u00e9servent les ressources naturelles et culturelles. Nous incluons un co\u00fbt de <strong>compensation territoriale<\/strong> dans nos voyages, destin\u00e9 \u00e0 <strong>prot\u00e9ger les \u00e9cosyst\u00e8mes menac\u00e9s et \u00e0 encourager un d\u00e9veloppement durable<\/strong>. Depuis 2007,<strong>nous finan\u00e7ons et mettons en place des projets d\u2019\u00e9ducation et de sensibilisation qui valorisent la culture locale, la protection de l\u2019environnement<\/strong> et accompagnons des activit\u00e9s \u00e9conomiques durables telles que l'\u00e9co et l'agrotourisme, l'agriculture, la sylviculture et l'artisanat.<\/p>\t\t\t\t\t\t\t\t<\/div>\n\t\t\t\t<\/div>\n\t\t\t\t<div class=\"elementor-element elementor-element-37fdb30c elementor-widget elementor-widget-heading\" data-id=\"37fdb30c\" data-element_type=\"widget\" data-e-type=\"widget\" data-widget_type=\"heading.default\">\n\t\t\t\t<div class=\"elementor-widget-container\">\n\t\t\t\t\t<h4 class=\"elementor-heading-title elementor-size-default\">LES VOYAGES RESPONSABLES ET SOLIDAIRES DE TRANSHUMANS REPONDENT AUX PRINCIPES DU COMMERCE EQUITABLE ET PARTICIPENT AU FINANCEMENT DE PROJETS DE DEVELOPPEMENT<\/h4>\t\t\t\t<\/div>\n\t\t\t\t<\/div>\n\t\t\t\t<div class=\"elementor-element elementor-element-16cf9b00 elementor-widget elementor-widget-heading\" data-id=\"16cf9b00\" data-element_type=\"widget\" data-e-type=\"widget\" data-widget_type=\"heading.default\">\n\t\t\t\t<div class=\"elementor-widget-container\">\n\t\t\t\t\t<h2 class=\"elementor-heading-title elementor-size-default\"><strong>TransHumans, une agence de voyage \u00e0 taille humaine et ind\u00e9pendante<\/strong>.<\/h2>\t\t\t\t<\/div>\n\t\t\t\t<\/div>\n\t\t\t\t<div class=\"elementor-element elementor-element-4f028c18 elementor-widget elementor-widget-text-editor\" data-id=\"4f028c18\" data-element_type=\"widget\" data-e-type=\"widget\" data-widget_type=\"text-editor.default\">\n\t\t\t\t<div class=\"elementor-widget-container\">\n\t\t\t\t\t\t\t\t\t<p>TransHumans choisit de maintenir son ind\u00e9pendance et une structure compacte pour offrir un contact proche avec les voyageurs et les partenaires locaux. Cela nous permet de concevoir des voyages sur mesure, uniques et adapt\u00e9s \u00e0 vos envies. Lorsque vous prenez contact avec nous, vous parlez directement avec ceux qui cr\u00e9ent et vous accompagnent tout au long de votre voyage. \u00c7a change tout !<\/p>\t\t\t\t\t\t\t\t<\/div>\n\t\t\t\t<\/div>\n\t\t\t\t\t<\/div>\n\t\t<\/div>\n\t\t\t\t\t<\/div>\n\t\t<\/section>\n\t\t\t\t<section class=\"elementor-section elementor-top-section elementor-element elementor-element-1c7b5b0b elementor-section-content-top elementor-section-boxed elementor-section-height-default elementor-section-height-default\" data-id=\"1c7b5b0b\" data-element_type=\"section\" data-e-type=\"section\" data-settings=\"{&quot;background_background&quot;:&quot;classic&quot;}\">\n\t\t\t\t\t\t\t<div class=\"elementor-background-overlay\"><\/div>\n\t\t\t\t\t\t\t<div class=\"elementor-container elementor-column-gap-no\">\n\t\t\t\t\t<div class=\"elementor-column elementor-col-100 elementor-top-column elementor-element elementor-element-25401339\" data-id=\"25401339\" data-element_type=\"column\" data-e-type=\"column\">\n\t\t\t<div class=\"elementor-widget-wrap elementor-element-populated\">\n\t\t\t\t\t\t<div class=\"elementor-element elementor-element-8352fa8 elementor-widget elementor-widget-heading\" data-id=\"8352fa8\" data-element_type=\"widget\" data-e-type=\"widget\" data-widget_type=\"heading.default\">\n\t\t\t\t<div class=\"elementor-widget-container\">\n\t\t\t\t\t<h2 class=\"elementor-heading-title elementor-size-default\">Historique de l\u2019aventure TransHumans<\/h2>\t\t\t\t<\/div>\n\t\t\t\t<\/div>\n\t\t\t\t<div class=\"elementor-element elementor-element-75ece0a4 elementor-widget elementor-widget-text-editor\" data-id=\"75ece0a4\" data-element_type=\"widget\" data-e-type=\"widget\" data-widget_type=\"text-editor.default\">\n\t\t\t\t<div class=\"elementor-widget-container\">\n\t\t\t\t\t\t\t\t\t<p>Cr\u00e9\u00e9e en France en janvier 2006 sous le statut juridique d\u2019association \u00e0 but non lucratif (loi 1901), <strong>TransHumans a pour objectif de mettre en place des projets d\u2019\u00e9ducation relative \u00e0 l\u2019environnement et aux cultures dans les zones rurales d\u2019Argentine et du Chili.<\/strong><\/p><p>TransHumans, gr\u00e2ce \u00e0 la mise en place de projets p\u00e9dagogiques autour de l\u2019environnement et des cultures financ\u00e9s par le d\u00e9veloppement de circuits de tourisme responsable et solidaire, souhaite contribuer \u00e0 la <strong>valorisation du patrimoine naturel et culturel dans les \u00e9coles et les villages.<\/strong><\/p><p>En 2007, Transhumans gagne les \"<strong>Troph\u00e9es du Tourisme Responsable<\/strong>\" gr\u00e2ce \u00e0 un microprojet de radio communautaire dans la province de Jujuy en Argentine.<\/p><p>En septembre 2010, nous cr\u00e9ons en Argentine,<strong> l\u2019Agence de voyage TransHumans, Voyageurs Responsables<\/strong>, <strong>Viajeros Responsables<\/strong>, le tourisme responsable s\u2019av\u00e9rant \u00eatre le meilleur moyen de p\u00e9renniser le financement de nos projets \u00e9ducatifs scolaires et de participer \u00e0 un d\u00e9veloppement local durable.<\/p><p>En 2013, l\u2019agence est r\u00e9f\u00e9renc\u00e9e dans le guide Petit Fut\u00e9 du Tourisme Solidaire puis en 2018, dans le guide Petit Fut\u00e9 Argentine.<\/p><p>En 2018, l\u2019association cr\u00e9e sa premi\u00e8re <strong><a href=\"https:\/\/trashumantes.ar\/cultura-huarpe\/\">Malette P\u00e9dagogique sur la culture Huarpe<\/a><\/strong>, culture premi\u00e8re situ\u00e9e dans la r\u00e9gion de Mendoza, en <strong>collaboration avec les enseignants chercheurs en arch\u00e9ologie de l\u2019Universit\u00e9 de Cuyo<\/strong>. Reconnue d\u2019int\u00e9r\u00eat provincial, elle est distribu\u00e9e dans les \u00e9coles primaires de la province de Mendoza - Argentine.<\/p><p>En 2021, <strong>Transhumans<\/strong> cr\u00e9e sa deuxi\u00e8me <strong><a href=\"https:\/\/trashumantes.ar\/cultura-inca\/\">Malette P\u00e9dagogique sur la culture Inca<\/a><\/strong>, en collaboration avec les enseignants chercheurs en arch\u00e9ologie de l\u2019 <strong>Universit\u00e9 National Mayor de San Marcos \u00e0 Lima - P\u00e9rou.<\/strong><\/p><p>En 2024, <strong>Transhumans<\/strong> Cr\u00e9e sa troisi\u00e8me <strong><a href=\"https:\/\/trashumantes.ar\/flora-del-monte-mendocino\/\">Malette P\u00e9dagogique sur les plantes sauvages du pi\u00e9mont de Mendoza<\/a><\/strong>, en collaboration avec des professeurs et chercheurs en Botanique Andine de la r\u00e9gion de Cuyo en Argentine. <\/p><p>\u00a0<\/p>\t\t\t\t\t\t\t\t<\/div>\n\t\t\t\t<\/div>\n\t\t\t\t<div class=\"elementor-element elementor-element-6f251682 elementor-align-center elementor-widget elementor-widget-button\" data-id=\"6f251682\" data-element_type=\"widget\" data-e-type=\"widget\" data-widget_type=\"button.default\">\n\t\t\t\t<div class=\"elementor-widget-container\">\n\t\t\t\t\t\t\t\t\t<div class=\"elementor-button-wrapper\">\n\t\t\t\t\t<a class=\"elementor-button elementor-button-link elementor-size-lg\" href=\"https:\/\/trashumantes.ar\/\">\n\t\t\t\t\t\t<span class=\"elementor-button-content-wrapper\">\n\t\t\t\t\t\t\t\t\t<span class=\"elementor-button-text\">Plus d'informations sur nos actions ici!<\/span>\n\t\t\t\t\t<\/span>\n\t\t\t\t\t<\/a>\n\t\t\t\t<\/div>\n\t\t\t\t\t\t\t\t<\/div>\n\t\t\t\t<\/div>\n\t\t\t\t<div class=\"elementor-element elementor-element-5d3ba724 elementor-widget-divider--view-line elementor-widget elementor-widget-divider\" data-id=\"5d3ba724\" data-element_type=\"widget\" data-e-type=\"widget\" data-widget_type=\"divider.default\">\n\t\t\t\t<div class=\"elementor-widget-container\">\n\t\t\t\t\t\t\t<div class=\"elementor-divider\">\n\t\t\t<span class=\"elementor-divider-separator\">\n\t\t\t\t\t\t<\/span>\n\t\t<\/div>\n\t\t\t\t\t\t<\/div>\n\t\t\t\t<\/div>\n\t\t\t\t\t<\/div>\n\t\t<\/div>\n\t\t\t\t\t<\/div>\n\t\t<\/section>\n\t\t\t\t<section class=\"elementor-section elementor-top-section elementor-element elementor-element-17dbc1cd elementor-section-boxed elementor-section-height-default elementor-section-height-default\" data-id=\"17dbc1cd\" data-element_type=\"section\" data-e-type=\"section\">\n\t\t\t\t\t\t<div class=\"elementor-container elementor-column-gap-default\">\n\t\t\t\t\t<div class=\"elementor-column elementor-col-33 elementor-top-column elementor-element elementor-element-2639d327\" data-id=\"2639d327\" data-element_type=\"column\" data-e-type=\"column\">\n\t\t\t<div class=\"elementor-widget-wrap elementor-element-populated\">\n\t\t\t\t\t\t<div class=\"elementor-element elementor-element-525b1605 elementor-widget elementor-widget-image\" data-id=\"525b1605\" data-element_type=\"widget\" data-e-type=\"widget\" data-widget_type=\"image.default\">\n\t\t\t\t<div class=\"elementor-widget-container\">\n\t\t\t\t\t\t\t\t\t\t\t\t\t\t\t<img fetchpriority=\"high\" decoding=\"async\" width=\"300\" height=\"600\" src=\"http:\/\/www.transhumans.com.ar\/wp-content\/uploads\/2023\/08\/PN-Torres-del-Paine-Christophe.jpg\" class=\"attachment-large size-large wp-image-2783\" alt=\"Parc National Torres del Paine - Christophe Pognat\" srcset=\"http:\/\/www.transhumans.com.ar\/wp-content\/uploads\/2023\/08\/PN-Torres-del-Paine-Christophe.jpg 300w, http:\/\/www.transhumans.com.ar\/wp-content\/uploads\/2023\/08\/PN-Torres-del-Paine-Christophe-150x300.jpg 150w, http:\/\/www.transhumans.com.ar\/wp-content\/uploads\/2023\/08\/PN-Torres-del-Paine-Christophe-6x12.jpg 6w\" sizes=\"(max-width: 300px) 100vw, 300px\" \/>\t\t\t\t\t\t\t\t\t\t\t\t\t\t\t<\/div>\n\t\t\t\t<\/div>\n\t\t\t\t\t<\/div>\n\t\t<\/div>\n\t\t\t\t<div class=\"elementor-column elementor-col-66 elementor-top-column elementor-element elementor-element-28fcce6c\" data-id=\"28fcce6c\" data-element_type=\"column\" data-e-type=\"column\">\n\t\t\t<div class=\"elementor-widget-wrap elementor-element-populated\">\n\t\t\t\t\t\t<div class=\"elementor-element elementor-element-7e347016 elementor-widget elementor-widget-heading\" data-id=\"7e347016\" data-element_type=\"widget\" data-e-type=\"widget\" data-widget_type=\"heading.default\">\n\t\t\t\t<div class=\"elementor-widget-container\">\n\t\t\t\t\t<h3 class=\"elementor-heading-title elementor-size-default\">Christophe, g\u00e9rant et fondateur de Transhumans<\/h3>\t\t\t\t<\/div>\n\t\t\t\t<\/div>\n\t\t\t\t<div class=\"elementor-element elementor-element-5184c8f5 elementor-widget-divider--view-line elementor-widget elementor-widget-divider\" data-id=\"5184c8f5\" data-element_type=\"widget\" data-e-type=\"widget\" data-widget_type=\"divider.default\">\n\t\t\t\t<div class=\"elementor-widget-container\">\n\t\t\t\t\t\t\t<div class=\"elementor-divider\">\n\t\t\t<span class=\"elementor-divider-separator\">\n\t\t\t\t\t\t<\/span>\n\t\t<\/div>\n\t\t\t\t\t\t<\/div>\n\t\t\t\t<\/div>\n\t\t\t\t<div class=\"elementor-element elementor-element-70fdd3cd elementor-widget elementor-widget-text-editor\" data-id=\"70fdd3cd\" data-element_type=\"widget\" data-e-type=\"widget\" data-widget_type=\"text-editor.default\">\n\t\t\t\t<div class=\"elementor-widget-container\">\n\t\t\t\t\t\t\t\t\t<p>Attir\u00e9 depuis tr\u00e8s t\u00f4t par la cordill\u00e8re des Andes, mon premier travail en tant qu\u2019ing\u00e9nieur en d\u00e9veloppement pour l\u2019ONF-international se fait naturellement au Chili en collaboration avec les populations Mapuches du sud du pays. Occasionnellement, je travaille \u00e9galement comme guide pour de grandes agences fran\u00e7aises de voyages aventure en Argentine, Chili, P\u00e9rou et Bolivie.<\/p><p>La cr\u00e9ation de l\u2019association TransHumans me permet, dans un premier temps de d\u00e9velopper des activit\u00e9s d\u2019\u00e9ducation \u00e0 l\u2019environnement dans le nord-ouest Argentin, puis des projets de vulgarisation et de transmission des connaissances acad\u00e9miques sur l\u2019arch\u00e9ologie et les cultures premi\u00e8res dans les \u00e9coles du centre Argentin.<\/p><p>Mon exp\u00e9rience dans le domaine de l\u2019accompagnement de groupes de tourisme-aventure m\u2019incite \u00e0 cr\u00e9er les premiers voyages permettant de mettre en valeur les cultures locales, de cr\u00e9er des \u00e9changes en participant au d\u00e9veloppement local et de financer les projets p\u00e9dagogiques environnementaux et culturels.<\/p><p>Je g\u00e8re la production des voyages, le suivi de nos partenaires locaux, les relations et les actions de d\u00e9veloppement.<\/p><p>.<\/p>\t\t\t\t\t\t\t\t<\/div>\n\t\t\t\t<\/div>\n\t\t\t\t\t<\/div>\n\t\t<\/div>\n\t\t\t\t\t<\/div>\n\t\t<\/section>\n\t\t\t\t<\/div>","protected":false},"excerpt":{"rendered":"<p>TRANSHUMANS Una agencia responsable y comprometida TransHumans es una agencia de viajes local responsable que ofrece experiencias personalizadas, conectando a los viajeros con las culturas y tradiciones locales. Comprometidos con la sostenibilidad, limitamos nuestro impacto ambiental y dise\u00f1amos viajes que preservan recursos naturales y culturales. Incluimos un costo de compensaci\u00f3n territorial en nuestros viajes, destinado &hellip;<\/p>\n<p class=\"read-more\"> <a class=\"\" href=\"https:\/\/www.transhumans.com.ar\/fr\/about\/\"> <span class=\"screen-reader-text\">Qui sommes-nous?<\/span> Lire la suite \u00bb<\/a><\/p>","protected":false},"author":1,"featured_media":0,"parent":0,"menu_order":0,"comment_status":"closed","ping_status":"closed","template":"","meta":{"_acf_changed":false,"om_disable_all_campaigns":false,"_monsterinsights_skip_tracking":false,"_monsterinsights_sitenote_active":false,"_monsterinsights_sitenote_note":"","_monsterinsights_sitenote_category":0,"_uf_show_specific_survey":0,"_uf_disable_surveys":false,"site-sidebar-layout":"no-sidebar","site-content-layout":"page-builder","ast-global-header-display":"","ast-main-header-display":"","ast-hfb-above-header-display":"","ast-hfb-below-header-display":"","ast-hfb-mobile-header-display":"","site-post-title":"disabled","ast-breadcrumbs-content":"","ast-featured-img":"disabled","footer-sml-layout":"","theme-transparent-header-meta":"enabled","adv-header-id-meta":"","stick-header-meta":"","header-above-stick-meta":"","header-main-stick-meta":"","header-below-stick-meta":"","footnotes":""},"class_list":["post-561","page","type-page","status-publish","hentry"],"acf":[],"aioseo_notices":[],"_links":{"self":[{"href":"https:\/\/www.transhumans.com.ar\/fr\/wp-json\/wp\/v2\/pages\/561","targetHints":{"allow":["GET"]}}],"collection":[{"href":"https:\/\/www.transhumans.com.ar\/fr\/wp-json\/wp\/v2\/pages"}],"about":[{"href":"https:\/\/www.transhumans.com.ar\/fr\/wp-json\/wp\/v2\/types\/page"}],"author":[{"embeddable":true,"href":"https:\/\/www.transhumans.com.ar\/fr\/wp-json\/wp\/v2\/users\/1"}],"replies":[{"embeddable":true,"href":"https:\/\/www.transhumans.com.ar\/fr\/wp-json\/wp\/v2\/comments?post=561"}],"version-history":[{"count":63,"href":"https:\/\/www.transhumans.com.ar\/fr\/wp-json\/wp\/v2\/pages\/561\/revisions"}],"predecessor-version":[{"id":2920,"href":"https:\/\/www.transhumans.com.ar\/fr\/wp-json\/wp\/v2\/pages\/561\/revisions\/2920"}],"wp:attachment":[{"href":"https:\/\/www.transhumans.com.ar\/fr\/wp-json\/wp\/v2\/media?parent=561"}],"curies":[{"name":"wp","href":"https:\/\/api.w.org\/{rel}","templated":true}]}}