{"id":2663,"date":"2023-12-11T20:33:13","date_gmt":"2023-12-11T20:33:13","guid":{"rendered":"http:\/\/www.transhumans.com.ar\/?post_type=product&#038;p=2663"},"modified":"2024-06-05T14:56:28","modified_gmt":"2024-06-05T14:56:28","slug":"splendeurs-du-sud-perou-14-jours","status":"publish","type":"product","link":"http:\/\/www.transhumans.com.ar\/it\/prodotto\/splendeurs-du-sud-perou-14-jours\/","title":{"rendered":"PERU: Splendeurs du Sud P\u00e9rou &#8211; 14 jours"},"content":{"rendered":"<div class=\"flex flex-grow flex-col max-w-full\">\n<div class=\"min-h-[20px] text-message flex flex-col items-start gap-3 whitespace-pre-wrap break-words [.text-message+&amp;]:mt-5 overflow-x-auto\" data-message-author-role=\"assistant\" data-message-id=\"5725d99b-3d31-4a41-a232-4ff41025869f\">\n<div class=\"markdown prose w-full break-words dark:prose-invert light\">\n<p>Experimenta un viaje inolvidable por el sur de Per\u00fa. Desde la majestuosidad de Arequipa y el imponente Ca\u00f1\u00f3n del Colca hasta la serenidad del Lago Titicaca, finalizando en la hist\u00f3rica Cuzco. Disfruta de paisajes deslumbrantes y conexiones aut\u00e9nticas con la gente local, sumergi\u00e9ndote en experiencias enriquecedoras que revelan la esencia cultural del pa\u00eds.<\/p>\n<\/div>\n<\/div>\n<\/div>\n","protected":false},"excerpt":{"rendered":"<p>Experimenta un viaje inolvidable por el sur de Per\u00fa. Desde la majestuosidad de Arequipa y el imponente Ca\u00f1\u00f3n del Colca hasta la serenidad del Lago Titicaca, finalizando en la hist\u00f3rica Cuzco. Disfruta de paisajes deslumbrantes y conexiones aut\u00e9nticas con la gente local, sumergi\u00e9ndote en experiencias enriquecedoras que revelan la esencia cultural del pa\u00eds.<\/p>","protected":false},"featured_media":2666,"comment_status":"closed","ping_status":"closed","template":"","meta":{"_acf_changed":false,"om_disable_all_campaigns":false,"_monsterinsights_skip_tracking":false,"_monsterinsights_sitenote_active":false,"_monsterinsights_sitenote_note":"","_monsterinsights_sitenote_category":0,"_uf_show_specific_survey":0,"_uf_disable_surveys":false,"site-sidebar-layout":"default","site-content-layout":"default","ast-global-header-display":"","ast-main-header-display":"","ast-hfb-above-header-display":"","ast-hfb-below-header-display":"","ast-hfb-mobile-header-display":"","site-post-title":"","ast-breadcrumbs-content":"","ast-featured-img":"","footer-sml-layout":"","theme-transparent-header-meta":"default","adv-header-id-meta":"","stick-header-meta":"default","header-above-stick-meta":"","header-main-stick-meta":"","header-below-stick-meta":""},"product_brand":[],"product_cat":[75,15],"product_tag":[],"class_list":{"0":"post-2663","1":"product","2":"type-product","3":"status-publish","4":"has-post-thumbnail","6":"product_cat-sur-del-peru","7":"product_cat-todo","8":"desktop-align-center","9":"tablet-align-left","10":"mobile-align-left","11":"ast-product-gallery-layout-vertical-slider","12":"ast-magnify-disabled","13":"ast-product-tabs-layout-horizontal","15":"first","16":"instock","17":"shipping-taxable","18":"purchasable","19":"product-type-simple"},"acf":[],"aioseo_notices":[],"_links":{"self":[{"href":"http:\/\/www.transhumans.com.ar\/it\/wp-json\/wp\/v2\/product\/2663","targetHints":{"allow":["GET"]}}],"collection":[{"href":"http:\/\/www.transhumans.com.ar\/it\/wp-json\/wp\/v2\/product"}],"about":[{"href":"http:\/\/www.transhumans.com.ar\/it\/wp-json\/wp\/v2\/types\/product"}],"replies":[{"embeddable":true,"href":"http:\/\/www.transhumans.com.ar\/it\/wp-json\/wp\/v2\/comments?post=2663"}],"wp:featuredmedia":[{"embeddable":true,"href":"http:\/\/www.transhumans.com.ar\/it\/wp-json\/wp\/v2\/media\/2666"}],"wp:attachment":[{"href":"http:\/\/www.transhumans.com.ar\/it\/wp-json\/wp\/v2\/media?parent=2663"}],"wp:term":[{"taxonomy":"product_brand","embeddable":true,"href":"http:\/\/www.transhumans.com.ar\/it\/wp-json\/wp\/v2\/product_brand?post=2663"},{"taxonomy":"product_cat","embeddable":true,"href":"http:\/\/www.transhumans.com.ar\/it\/wp-json\/wp\/v2\/product_cat?post=2663"},{"taxonomy":"product_tag","embeddable":true,"href":"http:\/\/www.transhumans.com.ar\/it\/wp-json\/wp\/v2\/product_tag?post=2663"}],"curies":[{"name":"wp","href":"https:\/\/api.w.org\/{rel}","templated":true}]}}