{"id":561,"date":"2021-02-04T01:47:09","date_gmt":"2021-02-04T01:47:09","guid":{"rendered":"http:\/\/www.transhumans.com.ar\/about\/"},"modified":"2024-09-24T22:25:54","modified_gmt":"2024-09-24T22:25:54","slug":"about","status":"publish","type":"page","link":"http:\/\/www.transhumans.com.ar\/it\/about\/","title":{"rendered":"Chi siamo"},"content":{"rendered":"<div data-elementor-type=\"wp-page\" data-elementor-id=\"561\" class=\"elementor elementor-561\">\n\t\t\t\t\t\t<section class=\"elementor-section elementor-top-section elementor-element elementor-element-27580d9c elementor-section-content-middle elementor-section-height-min-height elementor-section-boxed elementor-section-height-default elementor-section-items-middle\" data-id=\"27580d9c\" data-element_type=\"section\" data-e-type=\"section\" data-settings=\"{&quot;background_background&quot;:&quot;classic&quot;,&quot;shape_divider_bottom&quot;:&quot;opacity-fan&quot;}\">\n\t\t\t\t\t\t\t<div class=\"elementor-background-overlay\"><\/div>\n\t\t\t\t\t\t<div class=\"elementor-shape elementor-shape-bottom\" aria-hidden=\"true\" data-negative=\"false\">\n\t\t\t<svg xmlns=\"http:\/\/www.w3.org\/2000\/svg\" viewbox=\"0 0 283.5 19.6\" preserveaspectratio=\"none\">\n\t<path class=\"elementor-shape-fill\" style=\"opacity:0.33\" d=\"M0 0L0 18.8 141.8 4.1 283.5 18.8 283.5 0z\"\/>\n\t<path class=\"elementor-shape-fill\" style=\"opacity:0.33\" d=\"M0 0L0 12.6 141.8 4 283.5 12.6 283.5 0z\"\/>\n\t<path class=\"elementor-shape-fill\" style=\"opacity:0.33\" d=\"M0 0L0 6.4 141.8 4 283.5 6.4 283.5 0z\"\/>\n\t<path class=\"elementor-shape-fill\" d=\"M0 0L0 1.2 141.8 4 283.5 1.2 283.5 0z\"\/>\n<\/svg>\t\t<\/div>\n\t\t\t\t\t<div class=\"elementor-container elementor-column-gap-no\">\n\t\t\t\t\t<div class=\"elementor-column elementor-col-100 elementor-top-column elementor-element elementor-element-35fb2459\" data-id=\"35fb2459\" data-element_type=\"column\" data-e-type=\"column\">\n\t\t\t<div class=\"elementor-widget-wrap elementor-element-populated\">\n\t\t\t\t\t\t<div class=\"elementor-element elementor-element-dceecfe elementor-widget elementor-widget-heading\" data-id=\"dceecfe\" data-element_type=\"widget\" data-e-type=\"widget\" data-widget_type=\"heading.default\">\n\t\t\t\t<div class=\"elementor-widget-container\">\n\t\t\t\t\t<h1 class=\"elementor-heading-title elementor-size-default\">TRANSHUMANS<\/h1>\t\t\t\t<\/div>\n\t\t\t\t<\/div>\n\t\t\t\t<div class=\"elementor-element elementor-element-c41ac03 elementor-widget elementor-widget-heading\" data-id=\"c41ac03\" data-element_type=\"widget\" data-e-type=\"widget\" data-widget_type=\"heading.default\">\n\t\t\t\t<div class=\"elementor-widget-container\">\n\t\t\t\t\t<h2 class=\"elementor-heading-title elementor-size-large\">Un' agenzia di viaggi responsabile e impegnata<\/h2>\t\t\t\t<\/div>\n\t\t\t\t<\/div>\n\t\t\t\t\t<\/div>\n\t\t<\/div>\n\t\t\t\t\t<\/div>\n\t\t<\/section>\n\t\t\t\t<section class=\"elementor-section elementor-top-section elementor-element elementor-element-1af8da02 elementor-section-content-top elementor-section-boxed elementor-section-height-default elementor-section-height-default\" data-id=\"1af8da02\" data-element_type=\"section\" data-e-type=\"section\" data-settings=\"{&quot;background_background&quot;:&quot;classic&quot;}\">\n\t\t\t\t\t\t\t<div class=\"elementor-background-overlay\"><\/div>\n\t\t\t\t\t\t\t<div class=\"elementor-container elementor-column-gap-no\">\n\t\t\t\t\t<div class=\"elementor-column elementor-col-100 elementor-top-column elementor-element elementor-element-6999946a\" data-id=\"6999946a\" data-element_type=\"column\" data-e-type=\"column\">\n\t\t\t<div class=\"elementor-widget-wrap elementor-element-populated\">\n\t\t\t\t\t\t<div class=\"elementor-element elementor-element-1ce47a53 elementor-widget__width-initial elementor-widget elementor-widget-text-editor\" data-id=\"1ce47a53\" data-element_type=\"widget\" data-e-type=\"widget\" data-widget_type=\"text-editor.default\">\n\t\t\t\t<div class=\"elementor-widget-container\">\n\t\t\t\t\t\t\t\t\t<p>TransHumans \u00e8 un' <strong>agenzia di turismo responsabile locale<\/strong> che crea esperienze su misura,<strong> per far incontrare i viaggiatori con le culture e le tradizioni autentiche dei luoghi<\/strong>. Crediamo in un turismo che rispetti e custodisca ci\u00f2 che rende unico ogni territorio: per questo ci impegniamo a ridurre l\u2019impatto ambientale e a disegnare viaggi che proteggono le risorse naturali e culturali. Nei nostri itinerari \u00e8 sempre incluso <strong>un contributo di compensazione territoriale<\/strong> , che <strong>aiuta a salvaguardare ecosistemi fragili e a promuovere uno sviluppo sostenibile<\/strong>. Dal 2007<strong>accompagniamo progetti di educazione e sensibilizzazione che diffondono e valorizzano la cultura locale, difendendo l\u2019ambiente e a sostegno dell' economia locale.<\/strong> .<\/p>\t\t\t\t\t\t\t\t<\/div>\n\t\t\t\t<\/div>\n\t\t\t\t<div class=\"elementor-element elementor-element-37fdb30c elementor-widget elementor-widget-heading\" data-id=\"37fdb30c\" data-element_type=\"widget\" data-e-type=\"widget\" data-widget_type=\"heading.default\">\n\t\t\t\t<div class=\"elementor-widget-container\">\n\t\t\t\t\t<h4 class=\"elementor-heading-title elementor-size-default\">I viaggi responsabili e solidali di TransHumans nascono dai valori del commercio equo e diventano un modo concreto per dare vita e respiro a progetti di sviluppo sostenibile.<\/h4>\t\t\t\t<\/div>\n\t\t\t\t<\/div>\n\t\t\t\t<div class=\"elementor-element elementor-element-16cf9b00 elementor-widget elementor-widget-heading\" data-id=\"16cf9b00\" data-element_type=\"widget\" data-e-type=\"widget\" data-widget_type=\"heading.default\">\n\t\t\t\t<div class=\"elementor-widget-container\">\n\t\t\t\t\t<h2 class=\"elementor-heading-title elementor-size-default\"><strong>TransHumans, un\u2019agenzia di viaggi indipendente che mette al centro le persone<\/strong>.<\/h2>\t\t\t\t<\/div>\n\t\t\t\t<\/div>\n\t\t\t\t<div class=\"elementor-element elementor-element-4f028c18 elementor-widget elementor-widget-text-editor\" data-id=\"4f028c18\" data-element_type=\"widget\" data-e-type=\"widget\" data-widget_type=\"text-editor.default\">\n\t\t\t\t<div class=\"elementor-widget-container\">\n\t\t\t\t\t\t\t\t\t<p>TransHumans sceglie di mantenere la sua indipendenza e una struttura snella, per offrire un contatto autentico e vicino sia con i viaggiatori che con i partner locali. Il contatto \u00e8 diretto con chi crea e coordina il viaggio, assicurando un\u2019esperienza curata e vicina. Un modo diverso di viaggiare, che fa davvero la differenza.<\/p>\t\t\t\t\t\t\t\t<\/div>\n\t\t\t\t<\/div>\n\t\t\t\t\t<\/div>\n\t\t<\/div>\n\t\t\t\t\t<\/div>\n\t\t<\/section>\n\t\t\t\t<section class=\"elementor-section elementor-top-section elementor-element elementor-element-1c7b5b0b elementor-section-content-top elementor-section-boxed elementor-section-height-default elementor-section-height-default\" data-id=\"1c7b5b0b\" data-element_type=\"section\" data-e-type=\"section\" data-settings=\"{&quot;background_background&quot;:&quot;classic&quot;}\">\n\t\t\t\t\t\t\t<div class=\"elementor-background-overlay\"><\/div>\n\t\t\t\t\t\t\t<div class=\"elementor-container elementor-column-gap-no\">\n\t\t\t\t\t<div class=\"elementor-column elementor-col-100 elementor-top-column elementor-element elementor-element-25401339\" data-id=\"25401339\" data-element_type=\"column\" data-e-type=\"column\">\n\t\t\t<div class=\"elementor-widget-wrap elementor-element-populated\">\n\t\t\t\t\t\t<div class=\"elementor-element elementor-element-8352fa8 elementor-widget elementor-widget-heading\" data-id=\"8352fa8\" data-element_type=\"widget\" data-e-type=\"widget\" data-widget_type=\"heading.default\">\n\t\t\t\t<div class=\"elementor-widget-container\">\n\t\t\t\t\t<h2 class=\"elementor-heading-title elementor-size-default\">Il percorso di TransHumans<\/h2>\t\t\t\t<\/div>\n\t\t\t\t<\/div>\n\t\t\t\t<div class=\"elementor-element elementor-element-75ece0a4 elementor-widget elementor-widget-text-editor\" data-id=\"75ece0a4\" data-element_type=\"widget\" data-e-type=\"widget\" data-widget_type=\"text-editor.default\">\n\t\t\t\t<div class=\"elementor-widget-container\">\n\t\t\t\t\t\t\t\t\t<p>Nel 2006 nasce in Francia TransHumans, come associazione senza scopo di lucro (legge 1901). <strong>TransHumans nasce con l\u2019obiettivo di promuovere progetti educativi legati all\u2019ambiente e alle culture nelle zone rurali di Argentina e Cile.<\/strong><\/p><p>Fin dall\u2019inizio, la nostra missione \u00e8 stata chiara: valorizzare il patrimonio naturale e culturale attraverso iniziative pedagogiche, finanziate grazie allo sviluppo di circuiti di turismo responsabile e solidale. In questo modo, <strong>ogni progetto educativo diventa anche un\u2019opportunit\u00e0 per sostenere le comunit\u00e0 locali.<\/strong><\/p><p>Gi\u00e0 nel 2007, il nostro impegno \u00e8 stato riconosciuto con i<strong>\u00abTrofei del Turismo Responsabile\u00bb<\/strong>, grazie a un microprogetto di radio comunitaria nella provincia di Jujuy, in Argentina.<\/p><p>Nel 2010, abbiamo fondato in Argentina<strong> l\u2019Agenzia di Viaggi TransHumans \u2013 Viaggiatori Responsabili.<\/strong>, <strong>Viajeros Responsables<\/strong>Il turismo responsabile si \u00e8 rivelato il modo migliore per garantire la sostenibilit\u00e0 dei nostri progetti educativi e partecipare allo sviluppo locale in maniera concreta e duratura.<\/p><p>Negli anni successivi, l\u2019agenzia ha ricevuto importanti riconoscimenti, come le segnalazioni nella guida Petit Fut\u00e9 del Turismo Solidale (2013) e nella guida Petit Fut\u00e9 Argentina (2018).<\/p><p>Dal 2018 TransHumans ha avviato una serie di <strong><a href=\"https:\/\/trashumantes.ar\/cultura-huarpe\/\">Kit educativi<\/a><\/strong>, strumenti pensati per i docenti contenenti materiali e risorse didattiche per avvicinare gli studenti alla natura e alle culture locali: Il primo, sulla <strong>cultura Huarpe di Mendoza<\/strong>, distribuito nelle scuole primarie della provincia e riconosciuto di interesse provinciale.<\/p><p>Nel 2021 <strong>Transhumans<\/strong> ha creato il secondo <strong><a href=\"https:\/\/trashumantes.ar\/cultura-inca\/\">kit educativo sulla cultura Inca<\/a><\/strong>realizzato con docenti e ricercatori di archeologia <strong>Universidad Nacional Mayor de San Marcos en Lima, Per\u00fa.<\/strong><\/p><p>Nel 2024 <strong>Transhumans<\/strong> ha creato il terzo <strong><a href=\"https:\/\/trashumantes.ar\/flora-del-monte-mendocino\/\">Kit educativo sulle piante del Monte,<\/a><\/strong>una  regione fitogeografica di Mendoza,  in collaborazione con docenti e investigatori botanici della regione di Cuyo, Argnetina. <\/p><p>\u00a0<\/p>\t\t\t\t\t\t\t\t<\/div>\n\t\t\t\t<\/div>\n\t\t\t\t<div class=\"elementor-element elementor-element-6f251682 elementor-align-center elementor-widget elementor-widget-button\" data-id=\"6f251682\" data-element_type=\"widget\" data-e-type=\"widget\" data-widget_type=\"button.default\">\n\t\t\t\t<div class=\"elementor-widget-container\">\n\t\t\t\t\t\t\t\t\t<div class=\"elementor-button-wrapper\">\n\t\t\t\t\t<a class=\"elementor-button elementor-button-link elementor-size-lg\" href=\"https:\/\/trashumantes.ar\/\">\n\t\t\t\t\t\t<span class=\"elementor-button-content-wrapper\">\n\t\t\t\t\t\t\t\t\t<span class=\"elementor-button-text\">Scopri le nostre azioni solidali<\/span>\n\t\t\t\t\t<\/span>\n\t\t\t\t\t<\/a>\n\t\t\t\t<\/div>\n\t\t\t\t\t\t\t\t<\/div>\n\t\t\t\t<\/div>\n\t\t\t\t<div class=\"elementor-element elementor-element-5d3ba724 elementor-widget-divider--view-line elementor-widget elementor-widget-divider\" data-id=\"5d3ba724\" data-element_type=\"widget\" data-e-type=\"widget\" data-widget_type=\"divider.default\">\n\t\t\t\t<div class=\"elementor-widget-container\">\n\t\t\t\t\t\t\t<div class=\"elementor-divider\">\n\t\t\t<span class=\"elementor-divider-separator\">\n\t\t\t\t\t\t<\/span>\n\t\t<\/div>\n\t\t\t\t\t\t<\/div>\n\t\t\t\t<\/div>\n\t\t\t\t\t<\/div>\n\t\t<\/div>\n\t\t\t\t\t<\/div>\n\t\t<\/section>\n\t\t\t\t<section class=\"elementor-section elementor-top-section elementor-element elementor-element-17dbc1cd elementor-section-boxed elementor-section-height-default elementor-section-height-default\" data-id=\"17dbc1cd\" data-element_type=\"section\" data-e-type=\"section\">\n\t\t\t\t\t\t<div class=\"elementor-container elementor-column-gap-default\">\n\t\t\t\t\t<div class=\"elementor-column elementor-col-33 elementor-top-column elementor-element elementor-element-2639d327\" data-id=\"2639d327\" data-element_type=\"column\" data-e-type=\"column\">\n\t\t\t<div class=\"elementor-widget-wrap elementor-element-populated\">\n\t\t\t\t\t\t<div class=\"elementor-element elementor-element-525b1605 elementor-widget elementor-widget-image\" data-id=\"525b1605\" data-element_type=\"widget\" data-e-type=\"widget\" data-widget_type=\"image.default\">\n\t\t\t\t<div class=\"elementor-widget-container\">\n\t\t\t\t\t\t\t\t\t\t\t\t\t\t\t<img fetchpriority=\"high\" decoding=\"async\" width=\"300\" height=\"600\" src=\"http:\/\/www.transhumans.com.ar\/wp-content\/uploads\/2023\/08\/PN-Torres-del-Paine-Christophe.jpg\" class=\"attachment-large size-large wp-image-2783\" alt=\"Parc National Torres del Paine - Christophe Pognat\" srcset=\"http:\/\/www.transhumans.com.ar\/wp-content\/uploads\/2023\/08\/PN-Torres-del-Paine-Christophe.jpg 300w, http:\/\/www.transhumans.com.ar\/wp-content\/uploads\/2023\/08\/PN-Torres-del-Paine-Christophe-150x300.jpg 150w, http:\/\/www.transhumans.com.ar\/wp-content\/uploads\/2023\/08\/PN-Torres-del-Paine-Christophe-6x12.jpg 6w\" sizes=\"(max-width: 300px) 100vw, 300px\" \/>\t\t\t\t\t\t\t\t\t\t\t\t\t\t\t<\/div>\n\t\t\t\t<\/div>\n\t\t\t\t\t<\/div>\n\t\t<\/div>\n\t\t\t\t<div class=\"elementor-column elementor-col-66 elementor-top-column elementor-element elementor-element-28fcce6c\" data-id=\"28fcce6c\" data-element_type=\"column\" data-e-type=\"column\">\n\t\t\t<div class=\"elementor-widget-wrap elementor-element-populated\">\n\t\t\t\t\t\t<div class=\"elementor-element elementor-element-7e347016 elementor-widget elementor-widget-heading\" data-id=\"7e347016\" data-element_type=\"widget\" data-e-type=\"widget\" data-widget_type=\"heading.default\">\n\t\t\t\t<div class=\"elementor-widget-container\">\n\t\t\t\t\t<h3 class=\"elementor-heading-title elementor-size-default\">Christophe, gerente y fundador de Transhumans<\/h3>\t\t\t\t<\/div>\n\t\t\t\t<\/div>\n\t\t\t\t<div class=\"elementor-element elementor-element-5184c8f5 elementor-widget-divider--view-line elementor-widget elementor-widget-divider\" data-id=\"5184c8f5\" data-element_type=\"widget\" data-e-type=\"widget\" data-widget_type=\"divider.default\">\n\t\t\t\t<div class=\"elementor-widget-container\">\n\t\t\t\t\t\t\t<div class=\"elementor-divider\">\n\t\t\t<span class=\"elementor-divider-separator\">\n\t\t\t\t\t\t<\/span>\n\t\t<\/div>\n\t\t\t\t\t\t<\/div>\n\t\t\t\t<\/div>\n\t\t\t\t<div class=\"elementor-element elementor-element-70fdd3cd elementor-widget elementor-widget-text-editor\" data-id=\"70fdd3cd\" data-element_type=\"widget\" data-e-type=\"widget\" data-widget_type=\"text-editor.default\">\n\t\t\t\t<div class=\"elementor-widget-container\">\n\t\t\t\t\t\t\t\t\t<p>Atra\u00eddo desde muy temprano por la cordillera de los Andes, mi primer trabajo como ingeniero de desarrollo para ONF-International se realiz\u00f3 naturalmente en Chile, en colaboraci\u00f3n con las comunidades mapuches del sur del pa\u00eds. Ocasionalmente, tambi\u00e9n trabajo como gu\u00eda para grandes agencias francesas de viajes de aventura en Argentina, Chile, Per\u00fa y Bolivia.<\/p><p>La creaci\u00f3n de la asociaci\u00f3n TransHumans me permiti\u00f3, en un primer momento, desarrollar actividades de educaci\u00f3n ambiental en el noroeste argentino, y luego proyectos de divulgaci\u00f3n y transmisi\u00f3n de conocimientos acad\u00e9micos sobre la arqueolog\u00eda y las culturas originarias en las escuelas del centro de Argentina.<\/p><p>Mi experiencia en el \u00e1mbito del acompa\u00f1amiento de grupos de turismo de aventura me impuls\u00f3 a crear los primeros viajes que permiten valorar las culturas locales, generar intercambios al participar en el desarrollo local y financiar los proyectos pedag\u00f3gicos ambientales y culturales.<\/p><p>Me encargo de la producci\u00f3n de los viajes, el seguimiento de nuestros socios locales, las relaciones y las acciones de desarrollo.<\/p><p>.<\/p>\t\t\t\t\t\t\t\t<\/div>\n\t\t\t\t<\/div>\n\t\t\t\t\t<\/div>\n\t\t<\/div>\n\t\t\t\t\t<\/div>\n\t\t<\/section>\n\t\t\t\t<\/div>","protected":false},"excerpt":{"rendered":"<p>TRANSHUMANS Una agencia responsable y comprometida TransHumans es una agencia de viajes local responsable que ofrece experiencias personalizadas, conectando a los viajeros con las culturas y tradiciones locales. Comprometidos con la sostenibilidad, limitamos nuestro impacto ambiental y dise\u00f1amos viajes que preservan recursos naturales y culturales. Incluimos un costo de compensaci\u00f3n territorial en nuestros viajes, destinado &hellip;<\/p>\n<p class=\"read-more\"> <a class=\"\" href=\"http:\/\/www.transhumans.com.ar\/it\/about\/\"> <span class=\"screen-reader-text\">Chi siamo<\/span> Leggi tutto \u00bb<\/a><\/p>","protected":false},"author":1,"featured_media":0,"parent":0,"menu_order":0,"comment_status":"closed","ping_status":"closed","template":"","meta":{"_acf_changed":false,"om_disable_all_campaigns":false,"_monsterinsights_skip_tracking":false,"_monsterinsights_sitenote_active":false,"_monsterinsights_sitenote_note":"","_monsterinsights_sitenote_category":0,"_uf_show_specific_survey":0,"_uf_disable_surveys":false,"site-sidebar-layout":"no-sidebar","site-content-layout":"page-builder","ast-global-header-display":"","ast-main-header-display":"","ast-hfb-above-header-display":"","ast-hfb-below-header-display":"","ast-hfb-mobile-header-display":"","site-post-title":"disabled","ast-breadcrumbs-content":"","ast-featured-img":"disabled","footer-sml-layout":"","theme-transparent-header-meta":"enabled","adv-header-id-meta":"","stick-header-meta":"","header-above-stick-meta":"","header-main-stick-meta":"","header-below-stick-meta":"","footnotes":""},"class_list":["post-561","page","type-page","status-publish","hentry"],"acf":[],"aioseo_notices":[],"_links":{"self":[{"href":"http:\/\/www.transhumans.com.ar\/it\/wp-json\/wp\/v2\/pages\/561","targetHints":{"allow":["GET"]}}],"collection":[{"href":"http:\/\/www.transhumans.com.ar\/it\/wp-json\/wp\/v2\/pages"}],"about":[{"href":"http:\/\/www.transhumans.com.ar\/it\/wp-json\/wp\/v2\/types\/page"}],"author":[{"embeddable":true,"href":"http:\/\/www.transhumans.com.ar\/it\/wp-json\/wp\/v2\/users\/1"}],"replies":[{"embeddable":true,"href":"http:\/\/www.transhumans.com.ar\/it\/wp-json\/wp\/v2\/comments?post=561"}],"version-history":[{"count":63,"href":"http:\/\/www.transhumans.com.ar\/it\/wp-json\/wp\/v2\/pages\/561\/revisions"}],"predecessor-version":[{"id":2920,"href":"http:\/\/www.transhumans.com.ar\/it\/wp-json\/wp\/v2\/pages\/561\/revisions\/2920"}],"wp:attachment":[{"href":"http:\/\/www.transhumans.com.ar\/it\/wp-json\/wp\/v2\/media?parent=561"}],"curies":[{"name":"wp","href":"https:\/\/api.w.org\/{rel}","templated":true}]}}