{"id":2698,"date":"2024-05-28T14:32:39","date_gmt":"2024-05-28T14:32:39","guid":{"rendered":"https:\/\/www.transhumans.com.ar\/?post_type=product&#038;p=2698"},"modified":"2024-07-15T09:46:25","modified_gmt":"2024-07-15T09:46:25","slug":"bolivia-salar-de-uyuni-4-dias-desde-chile","status":"publish","type":"product","link":"http:\/\/www.transhumans.com.ar\/fr\/produit\/bolivia-salar-de-uyuni-4-dias-desde-chile\/","title":{"rendered":"CHILI: Salar d'Uyuni - 4 jours"},"content":{"rendered":"<p><strong>Au d\u00e9part de San Pedro de Atacama au Chili<\/strong>, cette excursion de 4 jours au Salar de Uyuni est une aventure inoubliable \u00e0 travers des paysages surr\u00e9alistes. Vous visiterez les lagunes color\u00e9es du Sud L\u00edpez, les d\u00e9serts d'altitude, des geysers, des piscines thermales et une grande vari\u00e9t\u00e9 d'animaux typiques des Andes, dont les embl\u00e9matiques vigognes et flamants roses dans leur habitat naturel. Ce circuit de 4 jours au d\u00e9part de San Pedro de Atacama est l'une des meilleures options pour explorer la r\u00e9gion bolivienne du Sud L\u00edpez, ce trajet permettant \u00e9galement de d\u00e9couvrir de nombreuses autres lagunes et d\u00e9serts situ\u00e9s \u00e0 la fronti\u00e8re chilienne.<\/p>","protected":false},"excerpt":{"rendered":"<p>Desde San pedro de Atacama, esta excursi\u00f3n de 4 d\u00edas al Salar de Uyuni es una aventura inolvidable a trav\u00e9s de paisajes surrealistas. Explorar\u00e1s impresionantes atracciones naturales, incluyendo lagunas coloridas y una fauna \u00fanica. Esta es una oportunidad para ver g\u00e9iseres, piscinas termales y flamencos en su h\u00e1bitat natural. El recorrido termina con un viaje &hellip;<\/p>\n<p class=\"read-more\"> <a class=\"\" href=\"http:\/\/www.transhumans.com.ar\/fr\/produit\/bolivia-salar-de-uyuni-4-dias-desde-chile\/\"> <span class=\"screen-reader-text\">CHILI: Salar d'Uyuni - 4 jours<\/span> Lire la suite \u00bb<\/a><\/p>","protected":false},"featured_media":2724,"comment_status":"closed","ping_status":"closed","template":"","meta":{"_acf_changed":false,"om_disable_all_campaigns":false,"_monsterinsights_skip_tracking":false,"_monsterinsights_sitenote_active":false,"_monsterinsights_sitenote_note":"","_monsterinsights_sitenote_category":0,"_uf_show_specific_survey":0,"_uf_disable_surveys":false,"site-sidebar-layout":"default","site-content-layout":"default","ast-global-header-display":"","ast-main-header-display":"","ast-hfb-above-header-display":"","ast-hfb-below-header-display":"","ast-hfb-mobile-header-display":"","site-post-title":"","ast-breadcrumbs-content":"","ast-featured-img":"","footer-sml-layout":"","theme-transparent-header-meta":"default","adv-header-id-meta":"","stick-header-meta":"default","header-above-stick-meta":"","header-main-stick-meta":"","header-below-stick-meta":""},"product_brand":[],"product_cat":[76,62,15],"product_tag":[],"class_list":{"0":"post-2698","1":"product","2":"type-product","3":"status-publish","4":"has-post-thumbnail","6":"product_cat-altiplano-sur","7":"product_cat-bolivia","8":"product_cat-todo","9":"desktop-align-center","10":"tablet-align-left","11":"mobile-align-left","12":"ast-product-gallery-layout-vertical-slider","13":"ast-magnify-disabled","14":"ast-product-tabs-layout-horizontal","16":"first","17":"instock","18":"shipping-taxable","19":"purchasable","20":"product-type-simple"},"acf":[],"aioseo_notices":[],"_links":{"self":[{"href":"http:\/\/www.transhumans.com.ar\/fr\/wp-json\/wp\/v2\/product\/2698","targetHints":{"allow":["GET"]}}],"collection":[{"href":"http:\/\/www.transhumans.com.ar\/fr\/wp-json\/wp\/v2\/product"}],"about":[{"href":"http:\/\/www.transhumans.com.ar\/fr\/wp-json\/wp\/v2\/types\/product"}],"replies":[{"embeddable":true,"href":"http:\/\/www.transhumans.com.ar\/fr\/wp-json\/wp\/v2\/comments?post=2698"}],"wp:featuredmedia":[{"embeddable":true,"href":"http:\/\/www.transhumans.com.ar\/fr\/wp-json\/wp\/v2\/media\/2724"}],"wp:attachment":[{"href":"http:\/\/www.transhumans.com.ar\/fr\/wp-json\/wp\/v2\/media?parent=2698"}],"wp:term":[{"taxonomy":"product_brand","embeddable":true,"href":"http:\/\/www.transhumans.com.ar\/fr\/wp-json\/wp\/v2\/product_brand?post=2698"},{"taxonomy":"product_cat","embeddable":true,"href":"http:\/\/www.transhumans.com.ar\/fr\/wp-json\/wp\/v2\/product_cat?post=2698"},{"taxonomy":"product_tag","embeddable":true,"href":"http:\/\/www.transhumans.com.ar\/fr\/wp-json\/wp\/v2\/product_tag?post=2698"}],"curies":[{"name":"wp","href":"https:\/\/api.w.org\/{rel}","templated":true}]}}