{"id":2522,"date":"2023-09-21T23:55:39","date_gmt":"2023-09-21T23:55:39","guid":{"rendered":"http:\/\/www.transhumans.com.ar\/?post_type=product&#038;p=2522"},"modified":"2024-06-07T18:57:47","modified_gmt":"2024-06-07T18:57:47","slug":"cycling-in-bariloche","status":"publish","type":"product","link":"http:\/\/www.transhumans.com.ar\/fr\/produit\/cycling-in-bariloche\/","title":{"rendered":"ARGENTINE: Bariloche \u00e0 Bicyclette - 4 jours"},"content":{"rendered":"<p>Embarquez pour une aventure \u00e0 v\u00e9lo afin d'explorer la pittoresque r\u00e9gion des lacs d'Argentine, reconnue pour ses magnifiques paysages. Ce circuit de 150 kilom\u00e8tres vous m\u00e8nera \u00e0 d\u00e9couvrir les plus beaux et extraordinaires sites de la r\u00e9gion, en passant par les Parcs Nationaux : Arrayanes, Nahuel Huapi et Lan\u00edn. Id\u00e9al pour les amateurs de nature et de sensations en plein air, cette travers\u00e9e vous permettra de vous immerger dans la beaut\u00e9 sc\u00e9nique qui caract\u00e9rise cette r\u00e9gion. D\u00e9couvrez, \u00e0 votre rythme, la magie de chaque recoin en p\u00e9dalant sur cet itin\u00e9raire fascinant !<\/p>\n<p>&nbsp;<\/p>","protected":false},"excerpt":{"rendered":"<p>La bicicleta nos permite conectarnos con el camino, activando nuestros sentidos. Es s\u00edmbolo de salud y disfrute al aire libre, otorg\u00e1ndonos libertad para recorrer largas distancias usando solo nuestras piernas.<\/p>","protected":false},"featured_media":2571,"comment_status":"closed","ping_status":"closed","template":"","meta":{"_acf_changed":false,"om_disable_all_campaigns":false,"_monsterinsights_skip_tracking":false,"_monsterinsights_sitenote_active":false,"_monsterinsights_sitenote_note":"","_monsterinsights_sitenote_category":0,"_uf_show_specific_survey":0,"_uf_disable_surveys":false,"site-sidebar-layout":"default","site-content-layout":"default","ast-global-header-display":"","ast-main-header-display":"","ast-hfb-above-header-display":"","ast-hfb-below-header-display":"","ast-hfb-mobile-header-display":"","site-post-title":"","ast-breadcrumbs-content":"","ast-featured-img":"","footer-sml-layout":"","theme-transparent-header-meta":"default","adv-header-id-meta":"","stick-header-meta":"default","header-above-stick-meta":"","header-main-stick-meta":"","header-below-stick-meta":""},"product_brand":[],"product_cat":[60,64,15],"product_tag":[],"class_list":{"0":"post-2522","1":"product","2":"type-product","3":"status-publish","4":"has-post-thumbnail","6":"product_cat-argentina","7":"product_cat-patagonia","8":"product_cat-todo","9":"desktop-align-center","10":"tablet-align-left","11":"mobile-align-left","12":"ast-product-gallery-layout-vertical-slider","13":"ast-magnify-disabled","14":"ast-product-tabs-layout-horizontal","16":"first","17":"instock","18":"shipping-taxable","19":"purchasable","20":"product-type-simple"},"acf":[],"aioseo_notices":[],"_links":{"self":[{"href":"http:\/\/www.transhumans.com.ar\/fr\/wp-json\/wp\/v2\/product\/2522","targetHints":{"allow":["GET"]}}],"collection":[{"href":"http:\/\/www.transhumans.com.ar\/fr\/wp-json\/wp\/v2\/product"}],"about":[{"href":"http:\/\/www.transhumans.com.ar\/fr\/wp-json\/wp\/v2\/types\/product"}],"replies":[{"embeddable":true,"href":"http:\/\/www.transhumans.com.ar\/fr\/wp-json\/wp\/v2\/comments?post=2522"}],"wp:featuredmedia":[{"embeddable":true,"href":"http:\/\/www.transhumans.com.ar\/fr\/wp-json\/wp\/v2\/media\/2571"}],"wp:attachment":[{"href":"http:\/\/www.transhumans.com.ar\/fr\/wp-json\/wp\/v2\/media?parent=2522"}],"wp:term":[{"taxonomy":"product_brand","embeddable":true,"href":"http:\/\/www.transhumans.com.ar\/fr\/wp-json\/wp\/v2\/product_brand?post=2522"},{"taxonomy":"product_cat","embeddable":true,"href":"http:\/\/www.transhumans.com.ar\/fr\/wp-json\/wp\/v2\/product_cat?post=2522"},{"taxonomy":"product_tag","embeddable":true,"href":"http:\/\/www.transhumans.com.ar\/fr\/wp-json\/wp\/v2\/product_tag?post=2522"}],"curies":[{"name":"wp","href":"https:\/\/api.w.org\/{rel}","templated":true}]}}