{"id":2696,"date":"2024-05-27T13:57:30","date_gmt":"2024-05-27T13:57:30","guid":{"rendered":"https:\/\/www.transhumans.com.ar\/?post_type=product&#038;p=2696"},"modified":"2024-06-07T09:12:53","modified_gmt":"2024-06-07T09:12:53","slug":"desierto-de-atacama-4-dias","status":"publish","type":"product","link":"http:\/\/www.transhumans.com.ar\/en\/product\/desierto-de-atacama-4-dias\/","title":{"rendered":"CHILE: San Pedro de Atacama \u2013 4 days"},"content":{"rendered":"<hr \/>\n<p>Spend the next few days in the town of San Pedro de Atacama, in the middle of the lunar-like Atacama Desert, with amazing starry-filled skies. An opportunity to explore a unique and fascinating ecosystem, where fauna and flora have managed to adapt to the extreme conditions of the world's driest desert. A trip providing incredible scenery and encounters with a surprising biodiversity.<\/p>","protected":false},"excerpt":{"rendered":"<p>San Pedro de Atacama ser\u00e1, durante los pr\u00f3ximos d\u00edas, el punto de partida de esta traves\u00eda por el desierto de Atacama, un paisaje lunar con cielos llenos de estrellas. Una oportunidad para explorar un ecosistema \u00fanico y fascinante, donde la fauna y la flora han logrado adaptarse a las condiciones extremas del desierto m\u00e1s \u00e1rido &hellip;<\/p>\n<p class=\"read-more\"> <a class=\"\" href=\"http:\/\/www.transhumans.com.ar\/en\/product\/desierto-de-atacama-4-dias\/\"> <span class=\"screen-reader-text\">CHILE: San Pedro de Atacama \u2013 4 days<\/span> Read More \u00bb<\/a><\/p>","protected":false},"featured_media":2699,"comment_status":"closed","ping_status":"closed","template":"","meta":{"_acf_changed":false,"om_disable_all_campaigns":false,"_monsterinsights_skip_tracking":false,"_monsterinsights_sitenote_active":false,"_monsterinsights_sitenote_note":"","_monsterinsights_sitenote_category":0,"_uf_show_specific_survey":0,"_uf_disable_surveys":false,"site-sidebar-layout":"default","site-content-layout":"default","ast-global-header-display":"","ast-main-header-display":"","ast-hfb-above-header-display":"","ast-hfb-below-header-display":"","ast-hfb-mobile-header-display":"","site-post-title":"","ast-breadcrumbs-content":"","ast-featured-img":"","footer-sml-layout":"","theme-transparent-header-meta":"default","adv-header-id-meta":"","stick-header-meta":"default","header-above-stick-meta":"","header-main-stick-meta":"","header-below-stick-meta":""},"product_brand":[],"product_cat":[61,65],"product_tag":[],"class_list":{"0":"post-2696","1":"product","2":"type-product","3":"status-publish","4":"has-post-thumbnail","6":"product_cat-chile","7":"product_cat-norte-de-chile","8":"desktop-align-center","9":"tablet-align-left","10":"mobile-align-left","11":"ast-product-gallery-layout-vertical-slider","12":"ast-magnify-disabled","13":"ast-product-tabs-layout-horizontal","15":"first","16":"instock","17":"shipping-taxable","18":"purchasable","19":"product-type-simple"},"acf":[],"aioseo_notices":[],"_links":{"self":[{"href":"http:\/\/www.transhumans.com.ar\/en\/wp-json\/wp\/v2\/product\/2696","targetHints":{"allow":["GET"]}}],"collection":[{"href":"http:\/\/www.transhumans.com.ar\/en\/wp-json\/wp\/v2\/product"}],"about":[{"href":"http:\/\/www.transhumans.com.ar\/en\/wp-json\/wp\/v2\/types\/product"}],"replies":[{"embeddable":true,"href":"http:\/\/www.transhumans.com.ar\/en\/wp-json\/wp\/v2\/comments?post=2696"}],"wp:featuredmedia":[{"embeddable":true,"href":"http:\/\/www.transhumans.com.ar\/en\/wp-json\/wp\/v2\/media\/2699"}],"wp:attachment":[{"href":"http:\/\/www.transhumans.com.ar\/en\/wp-json\/wp\/v2\/media?parent=2696"}],"wp:term":[{"taxonomy":"product_brand","embeddable":true,"href":"http:\/\/www.transhumans.com.ar\/en\/wp-json\/wp\/v2\/product_brand?post=2696"},{"taxonomy":"product_cat","embeddable":true,"href":"http:\/\/www.transhumans.com.ar\/en\/wp-json\/wp\/v2\/product_cat?post=2696"},{"taxonomy":"product_tag","embeddable":true,"href":"http:\/\/www.transhumans.com.ar\/en\/wp-json\/wp\/v2\/product_tag?post=2696"}],"curies":[{"name":"wp","href":"https:\/\/api.w.org\/{rel}","templated":true}]}}