{"id":2673,"date":"2023-12-12T18:24:55","date_gmt":"2023-12-12T18:24:55","guid":{"rendered":"http:\/\/www.transhumans.com.ar\/?post_type=product&#038;p=2673"},"modified":"2024-06-05T14:44:10","modified_gmt":"2024-06-05T14:44:10","slug":"mendoza-3-dias","status":"publish","type":"product","link":"http:\/\/www.transhumans.com.ar\/en\/product\/mendoza-3-dias\/","title":{"rendered":"ARGENTINA: Mendoza Classic Tour \u2013 3 days"},"content":{"rendered":"<p>Mendoza, a gem in the heart of Argentina, invites you to explore its rich winemaking tradition, stunning landscapes, and vibrant culture. From its famous vineyards and wineries to the majestic Andes mountains, Mendoza offers a unique blend of adventure, relaxation, and culinary pleasure. Immerse yourself in this enchanting region and discover why it is a must-visit destination.<\/p>","protected":false},"excerpt":{"rendered":"<p>Mendoza, una joya en el coraz\u00f3n de Argentina, te invita a explorar su rica tradici\u00f3n vin\u00edcola, paisajes impresionantes y vibrante cultura. Desde sus famosos vi\u00f1edos y bodegas hasta las majestuosas monta\u00f1as de los Andes, Mendoza ofrece una experiencia \u00fanica de aventura, relajaci\u00f3n y deleite gastron\u00f3mico. Sum\u00e9rgete en esta regi\u00f3n fascinante y descubre por qu\u00e9 es &hellip;<\/p>\n<p class=\"read-more\"> <a class=\"\" href=\"http:\/\/www.transhumans.com.ar\/en\/product\/mendoza-3-dias\/\"> <span class=\"screen-reader-text\">ARGENTINA: Mendoza Classic Tour \u2013 3 days<\/span> Read More \u00bb<\/a><\/p>","protected":false},"featured_media":2693,"comment_status":"closed","ping_status":"closed","template":"","meta":{"_acf_changed":false,"om_disable_all_campaigns":false,"_monsterinsights_skip_tracking":false,"_monsterinsights_sitenote_active":false,"_monsterinsights_sitenote_note":"","_monsterinsights_sitenote_category":0,"_uf_show_specific_survey":0,"_uf_disable_surveys":false,"site-sidebar-layout":"default","site-content-layout":"default","ast-global-header-display":"","ast-main-header-display":"","ast-hfb-above-header-display":"","ast-hfb-below-header-display":"","ast-hfb-mobile-header-display":"","site-post-title":"","ast-breadcrumbs-content":"","ast-featured-img":"","footer-sml-layout":"","theme-transparent-header-meta":"default","adv-header-id-meta":"","stick-header-meta":"default","header-above-stick-meta":"","header-main-stick-meta":"","header-below-stick-meta":""},"product_brand":[],"product_cat":[60,74,15],"product_tag":[],"class_list":{"0":"post-2673","1":"product","2":"type-product","3":"status-publish","4":"has-post-thumbnail","6":"product_cat-argentina","7":"product_cat-centro","8":"product_cat-todo","9":"desktop-align-center","10":"tablet-align-left","11":"mobile-align-left","12":"ast-product-gallery-layout-vertical-slider","13":"ast-magnify-disabled","14":"ast-product-tabs-layout-horizontal","16":"first","17":"instock","18":"shipping-taxable","19":"purchasable","20":"product-type-simple"},"acf":[],"aioseo_notices":[],"_links":{"self":[{"href":"http:\/\/www.transhumans.com.ar\/en\/wp-json\/wp\/v2\/product\/2673","targetHints":{"allow":["GET"]}}],"collection":[{"href":"http:\/\/www.transhumans.com.ar\/en\/wp-json\/wp\/v2\/product"}],"about":[{"href":"http:\/\/www.transhumans.com.ar\/en\/wp-json\/wp\/v2\/types\/product"}],"replies":[{"embeddable":true,"href":"http:\/\/www.transhumans.com.ar\/en\/wp-json\/wp\/v2\/comments?post=2673"}],"wp:featuredmedia":[{"embeddable":true,"href":"http:\/\/www.transhumans.com.ar\/en\/wp-json\/wp\/v2\/media\/2693"}],"wp:attachment":[{"href":"http:\/\/www.transhumans.com.ar\/en\/wp-json\/wp\/v2\/media?parent=2673"}],"wp:term":[{"taxonomy":"product_brand","embeddable":true,"href":"http:\/\/www.transhumans.com.ar\/en\/wp-json\/wp\/v2\/product_brand?post=2673"},{"taxonomy":"product_cat","embeddable":true,"href":"http:\/\/www.transhumans.com.ar\/en\/wp-json\/wp\/v2\/product_cat?post=2673"},{"taxonomy":"product_tag","embeddable":true,"href":"http:\/\/www.transhumans.com.ar\/en\/wp-json\/wp\/v2\/product_tag?post=2673"}],"curies":[{"name":"wp","href":"https:\/\/api.w.org\/{rel}","templated":true}]}}